{"id":14,"date":"2018-08-29T17:54:56","date_gmt":"2018-08-29T17:54:56","guid":{"rendered":"https:\/\/asgreinigung.ch\/?page_id=14"},"modified":"2024-06-11T16:16:35","modified_gmt":"2024-06-11T14:16:35","slug":"startseite","status":"publish","type":"page","link":"https:\/\/www.asg-reinigung.ch\/","title":{"rendered":"Startseite"},"content":{"rendered":"<div id=\"pl-14\"  class=\"panel-layout\" ><div id=\"pg-14-0\"  class=\"panel-grid panel-has-style\" ><div class=\"siteorigin-panels-stretch panel-row-style panel-row-style-for-14-0\" data-stretch-type=\"full-stretched\" ><div id=\"pgc-14-0-0\"  class=\"panel-grid-cell\" ><div id=\"panel-14-0-0-0\" class=\"so-panel widget widget_sow-hero panel-first-child panel-last-child\" data-index=\"0\" ><div class=\"so-widget-sow-hero so-widget-sow-hero-default-85bcaeeb8dfa so-widget-fittext-wrapper\" data-fit-text-compressor=\"0.85\"><div class=\"sow-slider-base \" style=\"display: none\"><ul class=\"sow-slider-images\" data-settings=\"{&quot;pagination&quot;:true,&quot;speed&quot;:800,&quot;timeout&quot;:8000,&quot;paused&quot;:false,&quot;pause_on_hover&quot;:false,&quot;swipe&quot;:true,&quot;nav_always_show_mobile&quot;:&quot;&quot;,&quot;breakpoint&quot;:&quot;780px&quot;}\">\t\t<li class=\"sow-slider-image  sow-slider-image-cover\" style=\"background-color: #333333;background-image: url(https:\/\/www.asg-reinigung.ch\/wp-content\/uploads\/2019\/01\/1901904-4.png)\" >\n\t\t\t\t\t<div class=\"sow-slider-image-container\">\n\t\t\t<div class=\"sow-slider-image-wrapper\">\n\t\t\t\t\t\t\t<\/div>\n\t\t<\/div>\n\t\t\t\t<\/li>\n\t\t<\/ul>\t\t\t\t<ol class=\"sow-slider-pagination\">\n\t\t\t\t\t\t\t\t\t\t\t<li><a href=\"#\" data-goto=\"0\" aria-label=\"display slide 1\"><\/a><\/li>\n\t\t\t\t\t\t\t\t\t<\/ol>\n\n\t\t\t\t<div class=\"sow-slide-nav sow-slide-nav-next\">\n\t\t\t\t\t<a href=\"#\" data-goto=\"next\" aria-label=\"next slide\" data-action=\"next\">\n\t\t\t\t\t\t<em class=\"sow-sld-icon-thin-right\"><\/em>\n\t\t\t\t\t<\/a>\n\t\t\t\t<\/div>\n\n\t\t\t\t<div class=\"sow-slide-nav sow-slide-nav-prev\">\n\t\t\t\t\t<a href=\"#\" data-goto=\"previous\" aria-label=\"previous slide\" data-action=\"prev\">\n\t\t\t\t\t\t<em class=\"sow-sld-icon-thin-left\"><\/em>\n\t\t\t\t\t<\/a>\n\t\t\t\t<\/div>\n\t\t\t\t<\/div><\/div><\/div><\/div><\/div><\/div><div id=\"pg-14-1\"  class=\"panel-grid panel-no-style\" ><div id=\"pgc-14-1-0\"  class=\"panel-grid-cell\" ><div id=\"panel-14-1-0-0\" class=\"so-panel widget widget_sow-editor panel-first-child panel-last-child\" data-index=\"1\" ><div class=\"so-widget-sow-editor so-widget-sow-editor-base\">\n<div class=\"siteorigin-widget-tinymce textwidget\">\n\t<p>Sauberkeit und Hygiene gelten als wichtige Imagefaktoren. Sie schaffen ein\u00a0positives\u00a0Umfeld und sind f\u00fcr die Lebensqualit\u00e4t entscheidend. Unsere ausgezeichneten Dienstleistungen sind Grundlage f\u00fcr eine Reinigung, die neue Standards setzt. Wir erm\u00f6glichen damit eine moderne Raumhygiene, die eine Atmosph\u00e4re des\u00a0Wohlbefindens und Behaglichkeit schafft.<\/p>\n<div id=\"panel-20-0-0-1\" class=\"so-panel widget widget_text\" data-index=\"1\">\n<h3 class=\"widget-title\">KOMPETENTE FACHLEUTE<\/h3>\n<div class=\"textwidget\">\n<p>Eine klare Organisation und ein breit gef\u00e4chertes Aus- und Weiterbildungsprogramm\u00a0f\u00f6rdern Fachkompetenz, Qualit\u00e4tsbewusstsein und Motivation unserer Mitarbeitenden.<\/p>\n<\/div>\n<\/div>\n<div id=\"panel-20-0-0-2\" class=\"so-panel widget widget_text\" data-index=\"2\">\n<h3 class=\"widget-title\">EFFIZIENZ IN ALLEN BEREICHEN<\/h3>\n<div class=\"textwidget\">\n<p>ASG Geb\u00e4udereinigung GmbH deckt ein breites Spektrum von der per\u00f6nlichen und umfassenden Beratung bis zu den allgemeinen und spezifischen Reinigungsservice ab.\u00a0Wo immer es um Reinigung geht.<\/p>\n<\/div>\n<\/div>\n<div id=\"panel-20-0-0-3\" class=\"so-panel widget widget_text\" data-index=\"3\">\n<h3 class=\"widget-title\">SAUBERE ARGUMENTE F\u00dcR ASG<\/h3>\n<div class=\"textwidget\">\n<ul>\n<li>Beratung unserer Dienstleistungen vor Ort<\/li>\n<li>Ausgebildete Fachleute und moderne Technologien garantieren einen ausgezeichneten Reinigungsstandard<\/li>\n<li>T\u00e4tigkeitsbereiche: Kanton Aargau, Z\u00fcrich, Solothurn, Basel<\/li>\n<\/ul>\n<\/div>\n<\/div>\n<div id=\"panel-20-0-0-4\" class=\"so-panel widget widget_text panel-last-child\" data-index=\"4\">\n<h3 class=\"widget-title\">NEHMEN SIE KONTAKT MIT UNS AUF!<\/h3>\n<div class=\"textwidget\">\n<p>Ein\u00a0Anruf oder auch gerne eine E-Mail, wir kontaktieren Sie daraufhin und vereinbaren einen Besichtigungstermin, bei\u00a0welchem\u00a0wir gerne gemeinsam mit Ihnen alle Einzelheiten besprechen k\u00f6nnen.<\/p>\n<\/div>\n<\/div>\n<p><strong>ASG Geb\u00e4udereinigung GmbH<\/strong><br \/>\nZelgli 20<br \/>\n5313 Klingnau<\/p>\n<p>Tel: 056 556 21 60<br \/>\nMob: 079 258 61 83<br \/>\nE-Mail: <a href=\"mailto:info@asg-reinigung.ch\">info@asg-reinigung.ch<\/a><\/p>\n<\/div>\n<\/div><\/div><\/div><\/div><\/div>","protected":false},"excerpt":{"rendered":"<p>Sauberkeit und Hygiene gelten als wichtige Imagefaktoren. Sie schaffen ein\u00a0positives\u00a0Umfeld und sind f\u00fcr die Lebensqualit\u00e4t entscheidend. Unsere ausgezeichneten Dienstleistungen sind Grundlage f\u00fcr eine Reinigung, die&hellip;<\/p>\n","protected":false},"author":1,"featured_media":0,"parent":0,"menu_order":0,"comment_status":"closed","ping_status":"closed","template":"","meta":{"footnotes":""},"class_list":["post-14","page","type-page","status-publish","hentry"],"_links":{"self":[{"href":"https:\/\/www.asg-reinigung.ch\/index.php?rest_route=\/wp\/v2\/pages\/14","targetHints":{"allow":["GET"]}}],"collection":[{"href":"https:\/\/www.asg-reinigung.ch\/index.php?rest_route=\/wp\/v2\/pages"}],"about":[{"href":"https:\/\/www.asg-reinigung.ch\/index.php?rest_route=\/wp\/v2\/types\/page"}],"author":[{"embeddable":true,"href":"https:\/\/www.asg-reinigung.ch\/index.php?rest_route=\/wp\/v2\/users\/1"}],"replies":[{"embeddable":true,"href":"https:\/\/www.asg-reinigung.ch\/index.php?rest_route=%2Fwp%2Fv2%2Fcomments&post=14"}],"version-history":[{"count":81,"href":"https:\/\/www.asg-reinigung.ch\/index.php?rest_route=\/wp\/v2\/pages\/14\/revisions"}],"predecessor-version":[{"id":239,"href":"https:\/\/www.asg-reinigung.ch\/index.php?rest_route=\/wp\/v2\/pages\/14\/revisions\/239"}],"wp:attachment":[{"href":"https:\/\/www.asg-reinigung.ch\/index.php?rest_route=%2Fwp%2Fv2%2Fmedia&parent=14"}],"curies":[{"name":"wp","href":"https:\/\/api.w.org\/{rel}","templated":true}]}}