{"id":6,"date":"2018-08-29T17:53:08","date_gmt":"2018-08-29T17:53:08","guid":{"rendered":"https:\/\/asgreinigung.ch\/?page_id=6"},"modified":"2018-09-03T21:57:09","modified_gmt":"2018-09-03T21:57:09","slug":"agbs","status":"publish","type":"page","link":"https:\/\/www.asg-reinigung.ch\/?page_id=6","title":{"rendered":"AGBs"},"content":{"rendered":"<p><strong>ASG Geb\u00e4udereinigung GmbH<\/strong><\/p>\n<p>Allgemeine Vertragsbestimmungen<\/p>\n<p><strong>1. Unsere Leistung<\/strong><\/p>\n<p>ASG Geb\u00e4udereinigung verpflichtet sich den Auftrag gem\u00e4ss Leistungsverzeichnis und zugeordneten Detailunterlagen auszuf\u00fchren.<\/p>\n<p>ASG Geb\u00e4udereinigung stellt die zur Reinigung ben\u00f6tigten Materialien, Maschinen, Ger\u00e4te und Werkzeuge zur Verf\u00fcgung. Die Lieferung von Auff\u00fcllmaterialien wie z.B. Toilettenpapier, Seife, Handtuchrollen, Servietten, Plastikabfalls\u00e4cke, Entsorgungsgeb\u00fchren, etc. sind im Preis nicht inbegriffen.<\/p>\n<p>ASG Geb\u00e4udereinigung setzt die erforderliche Anzahl zuverl\u00e4ssiger Mitarbeiter ein, sorgt f\u00fcr die Rekrutierung und fachgerechte Einf\u00fchrung sowie den Ersatz bei Abwesenheitsf\u00e4llen.<\/p>\n<p>An gesetzlichen Feiertagen werden keine Reinigungen durchgef\u00fchrt, was bereits im Preis einkalkuliert ist und keine Reduktion des monatlichen Pauschalbetrages zur Folge hat.<\/p>\n<p>Sondereins\u00e4tze vor oder nach Feiertagen, sowie weitere zus\u00e4tzliche erbrachte Leistungen, welche nicht Gegenstand des Leistungsverzeichnisses sind, werden in Regie verrechnet.<\/p>\n<p>\u00c4nderungen und Anpassungen des Auftrages m\u00fcssen ASG Geb\u00e4udereinigung mindestens zwei Monate im Voraus schriftlich angek\u00fcndigt werden.<\/p>\n<p><strong>2. Auftragsausf\u00fchrung<\/strong><\/p>\n<p>Voraussetzungen:<br \/>\nDer Auftraggeber ist daf\u00fcr besorgt, dass das Reinigungspersonal Zugang zu den zu reinigenden R\u00e4umlichkeiten und Hilfsr\u00e4umen hat und stellt ASG Geb\u00e4udereinigung, wenn erforderlich, die n\u00f6tigen Schl\u00fcssel zum Objekt zur Verf\u00fcgung. Schl\u00fcssel d\u00fcrfen nur an zeichnungsberechtigte Mitarbeiter abgegeben werden.<\/p>\n<p>Der Auftraggeber stellt ASG Geb\u00e4udereinigung das zur Arbeitsausf\u00fchrung erforderliche Warm- und Kaltwasser, den elektrischen Strom, sowie einen geeigneten Platz zur Unterbringung der Reinigungsger\u00e4te und Produkte unentgeltlich zur Verf\u00fcgung.<\/p>\n<p>Ist ASG Geb\u00e4udereinigung ohne eigenes Verschulden an der Auftragsausf\u00fchrung verhindert oder darin behindert, ist der Preis geschuldet, auch wenn der Auftrag nicht bzw. nicht in der vereinbarten Qualit\u00e4t oder Quantit\u00e4t ausgef\u00fchrt ist.<\/p>\n<p>Verhalten der Mitarbeiter:<br \/>\nASG Geb\u00e4udereinigung verpflichtet sich, seine Arbeitskr\u00e4fte zur Einhaltung der zust\u00e4ndigen Hausordnung des Auftraggebers anzuhalten.<\/p>\n<p>W\u00e4hrend der Arbeit besteht f\u00fcr die ASG Geb\u00e4udereinigung -Mitarbeiter Alkohol- und Rauchverbot.<\/p>\n<p>Die Mitarbeiter von ASG Geb\u00e4udereinigung sind hinsichtlich aller Wahrnehmungen innerhalb des Betriebes des Auftraggebers zum Schweigen verpflichtet. Jegliche Akteneinsicht und jede Handlung, die zu einer Verletzung des Dienst und Betriebsgeheimnisses f\u00fchren k\u00f6nnten, sind den Mitarbeitern von ASG Geb\u00e4udereinigung untersagt.<\/p>\n<p>Das Personal von ASG Geb\u00e4udereinigung enth\u00e4lt sich jeglicher Ben\u00fctzung von Betriebseinrichtungen, Anlagen usw. ausgenommen sanit\u00e4re und elektrische Einrichtungen im Rahmen der Auftragserledigung.<\/p>\n<p>Das f\u00fcr die Arbeitsausf\u00fchrung vom Auftraggeber zur Verf\u00fcgung gestellte Wasser und Strom werden sparsam benutzt.<\/p>\n<p><strong>3. Die Reinigung<\/strong><\/p>\n<p>Der Auftrag erfolgt nach professionellen Reinigungsstandards und anhand der Vorgaben des Leistungsverzeichnisses.<\/p>\n<p>Der Auftraggeber stellt f\u00fcr das Deponieren von Altpapier die n\u00f6tigen Beh\u00e4lter zur Verf\u00fcgung. Das \u00fcbrige Abfallmaterial wird in den im Auftragsprojekt vorhandenen Gebinden f\u00fcr eine umweltgerechte Entsorgung deponiert.<\/p>\n<p>Qualit\u00e4tssicherung:<br \/>\nDie Vertragspartner pflegen periodisch Kontakte, deren zeitliche Festlegung in gemeinsamer Absprache erfolgt.<\/p>\n<p>ASG Geb\u00e4udereinigung l\u00e4sst die Auftragsausf\u00fchrung in regelm\u00e4ssigen Abst\u00e4nden, w\u00e4hrend oder nach der Reinigung durch speziell f\u00fcr diese Kontrollfunktion ausgebildete Mitarbeiter \u00fcberpr\u00fcfen.<\/p>\n<p>Der Auftraggeber verpflichtet sich, Beanstandungen, insbesondere, die nicht vertragsgem\u00e4sse Ausf\u00fchrung von Dienstleistungen, innert drei Arbeitstagen seit Feststellung schriftlich an die zust\u00e4ndige ASG Geb\u00e4udereinigung Niederlassung zu melden.<\/p>\n<p>Sch\u00e4den:<br \/>\nAllf\u00e4llige Schadensersatzanspr\u00fcche des Auftragsgebers aus der Auftragsausf\u00fchrung sind innert 5 Tagen an ASG Geb\u00e4udereinigung zu melden. ASG Geb\u00e4udereinigung wir Ihre Haftpflichtversicherung<\/p>\n<p>(Garantiesumme von CHF 5 Mio. pro Ereignis f\u00fcr Personen- und Sachsch\u00e4den zusammen) umgehend mit der Schadenserledigung beauftragen. Die Haftung ist in jedem Fall auf die Versicherungsleistung beschr\u00e4nkt.<\/p>\n<p><strong>4. Auftragsdauer, Zahlung, K\u00fcndigung<\/strong><\/p>\n<p>Dauer, K\u00fcndigung:<br \/>\nDer vorliegende Vertrag wird auf unbestimmte Dauer abgeschlossen. Die K\u00fcndigungsfirst betr\u00e4gt 6 Monate auf jedes Kalendermonatsende mit Ausnahme des Monats Dezember.<\/p>\n<p>Aufgrund der von ASG Geb\u00e4udereinigung get\u00e4tigten Investitionen schuldet der Auftraggeber in jedem Fall den Auftragspreis f\u00fcr die ersten 12 Monate.<\/p>\n<p>Abgaben, Geb\u00fchren:<br \/>\nDie aus dem vorliegenden Auftrag erwachsenden Geb\u00fchren und Abgaben (wie namentlich Mehrwertsteuer, bestehende oder neu erhobene Entsorgungsabgaben und dergleichen) tr\u00e4gt der Auftraggeber jeweils in der H\u00f6he der ASG Geb\u00e4udereinigung belasteten Betr\u00e4ge.<\/p>\n<p>Preisanpassungen:<br \/>\nErh\u00f6hen sich die Lohnkostenfaktoren ausserhalb des Einflussbereiches von ASG Geb\u00e4udereinigung (wie namentlich durch gesamtarbeitsvertragliche Lohnerh\u00f6hungen, Erh\u00f6hungen von Sozial-oder Privatversicherungsbeitr\u00e4gen) ist ASG Geb\u00e4udereinigung berechtigt, den Auftragspreis um das Prozentmass der Lohnkostenerh\u00f6hung ohne K\u00fcndigung anzupassen.<\/p>\n<p>Rechnungsstellung:<br \/>\nDie Rechnungsstellung f\u00fcr diesen Auftrag erfolgt jeweils zu Beginn des Monates. Der Auftraggeber \u00fcberweisst den Rechnungsbetrag innert 30 Tagen ab Rechnungsdatum.<\/p>\n<p><strong>5. Weitere Bestimmungen<\/strong><\/p>\n<p>Abwerbung:<br \/>\nAuftraggeber und Auftragnehmer verpflichten sich, w\u00e4hrend der Vertragsdauer gegenseitig kein Personal abzuwerben.<\/p>\n<p>Gerichtsstand:<br \/>\nDifferenzen bereinigen die Parteien, wenn immer m\u00f6glich, im direkten Gespr\u00e4ch. Im Streitfall gilt Gerichtsstand D\u00f6ttingen.<\/p>\n<p>ASG Geb\u00e4udereinigung GmbH<\/p>\n","protected":false},"excerpt":{"rendered":"<p>ASG Geb\u00e4udereinigung GmbH Allgemeine Vertragsbestimmungen 1. Unsere Leistung ASG Geb\u00e4udereinigung verpflichtet sich den Auftrag gem\u00e4ss Leistungsverzeichnis und zugeordneten Detailunterlagen auszuf\u00fchren. ASG Geb\u00e4udereinigung stellt die zur&hellip;<\/p>\n","protected":false},"author":1,"featured_media":0,"parent":0,"menu_order":0,"comment_status":"closed","ping_status":"closed","template":"","meta":{"footnotes":""},"class_list":["post-6","page","type-page","status-publish","hentry"],"_links":{"self":[{"href":"https:\/\/www.asg-reinigung.ch\/index.php?rest_route=\/wp\/v2\/pages\/6","targetHints":{"allow":["GET"]}}],"collection":[{"href":"https:\/\/www.asg-reinigung.ch\/index.php?rest_route=\/wp\/v2\/pages"}],"about":[{"href":"https:\/\/www.asg-reinigung.ch\/index.php?rest_route=\/wp\/v2\/types\/page"}],"author":[{"embeddable":true,"href":"https:\/\/www.asg-reinigung.ch\/index.php?rest_route=\/wp\/v2\/users\/1"}],"replies":[{"embeddable":true,"href":"https:\/\/www.asg-reinigung.ch\/index.php?rest_route=%2Fwp%2Fv2%2Fcomments&post=6"}],"version-history":[{"count":4,"href":"https:\/\/www.asg-reinigung.ch\/index.php?rest_route=\/wp\/v2\/pages\/6\/revisions"}],"predecessor-version":[{"id":55,"href":"https:\/\/www.asg-reinigung.ch\/index.php?rest_route=\/wp\/v2\/pages\/6\/revisions\/55"}],"wp:attachment":[{"href":"https:\/\/www.asg-reinigung.ch\/index.php?rest_route=%2Fwp%2Fv2%2Fmedia&parent=6"}],"curies":[{"name":"wp","href":"https:\/\/api.w.org\/{rel}","templated":true}]}}