{"id":99,"date":"2019-01-04T08:07:18","date_gmt":"2019-01-04T08:07:18","guid":{"rendered":"https:\/\/asgreinigung.ch\/?page_id=99"},"modified":"2019-01-04T08:11:13","modified_gmt":"2019-01-04T08:11:13","slug":"leistungen-2","status":"publish","type":"page","link":"https:\/\/www.asg-reinigung.ch\/?page_id=99","title":{"rendered":"Leistungen"},"content":{"rendered":"<div id=\"pl-99\"  class=\"panel-layout\" ><div id=\"pg-99-0\"  class=\"panel-grid panel-no-style\" ><div id=\"pgc-99-0-0\"  class=\"panel-grid-cell\" ><div id=\"panel-99-0-0-0\" class=\"so-panel widget widget_sow-editor panel-first-child\" data-index=\"0\" ><div class=\"so-widget-sow-editor so-widget-sow-editor-base\"><h3 class=\"widget-title\">Unterhaltsreinigung - Sauberkeit im Abonnement<\/h3>\n<div class=\"siteorigin-widget-tinymce textwidget\">\n\t<div class=\"widget-wrapper widget-element free-image diy-resizable \">\n<div id=\"widget-id-1951327\" class=\"widget-body \">\n<div class=\"freetext-image \">\n<div class=\"image_wrapper diy-icss-target\">\n<div class=\"diy-fi-container diy-fi-effect-\">T\u00e4glich reinigt\u00a0<b>ASG Geb\u00e4udereiniugng GmbH<\/b>\u00a0B\u00fcro-, Laden- und\u00a0Gewerbefl\u00e4che. Auf Basis der individuellen Kundenanforderungen erstellt\u00a0ASG dabei ein klar definiertes Leistungsverzeichnis mit einem entsprechenden Reinigungsintervall, das den Arbeitsabl\u00e4ufen des Betriebs jederzeit gerecht wird. Aus diesem Grund k\u00f6nnen die Dienstleistungen von ASG\u00a0als Einzelauftrag oder im Abonnement wahrgenommen werden. Unser Einzelauftrag bietet Ihnen\u00a0Flexibilit\u00e4t\u00a0und einen\u00a0hohen Reinigungsstandard.\u00a0Der Abschluss eines Abonnementsvertrags bietet Gew\u00e4hr, dass Ihre gesamte Arbeitsumgebung professionell\u00a0und regelm\u00e4ssig gereinigt wird.<\/div>\n<\/div>\n<\/div>\n<\/div>\n<\/div>\n<div class=\"widget-wrapper widget-element free-text diy-resizable \">\n<div id=\"widget-id-1951328\" class=\"widget-body \">\n<div class=\"clear\"><\/div>\n<\/div>\n<\/div>\n<div class=\"widget-wrapper widget-element free-text diy-resizable \">\n<div id=\"widget-id-1951329\" class=\"widget-body \">\n<div class=\"freetextarea\">\n<p class=\"p32766\">Die\u00a0regelm\u00e4ssige Reinigung umfasst alle Bereiche, in denen sich Ihre Kunden aufhalten und einen ersten Eindruck \u00fcber Ihre Firma gewinnen. Auch die Bereiche\u00a0Ihres Gesch\u00e4fts, wie B\u00fcros, sanit\u00e4re Anlagen, Pausenzonen und Kaffeek\u00fcchen, Korridore, Kopierr\u00e4ume, Treppenh\u00e4user und andere mehr geh\u00f6ren, in den Abonnementsvertrag.<\/p>\n<\/div>\n<\/div>\n<\/div>\n<\/div>\n<\/div><\/div><div id=\"panel-99-0-0-1\" class=\"so-panel widget widget_text\" data-index=\"1\" ><h3 class=\"widget-title\">Industriereinigung<\/h3>\t\t\t<div class=\"textwidget\"><p>Regelm\u00e4ssige Wartung und Reinigung sind unerl\u00e4sslich f\u00fcr die Sicherung der Produktqualit\u00e4t und Erhaltung der Produktivit\u00e4t. Unsere Mitarbeitenden f\u00fchren Industriereinigungen mit den entsprechenden Technologien und Maschinen zuverl\u00e4ssig durch.<\/p>\n<p>Mit uns als\u00a0Reinigungsdienstleister setzen Sie auf einen erfahrenen Partner im Bereich der Industriereinigung. Fachkompetenz, Zuverl\u00e4ssigkeit und Kundenorientierung unterstreichen unser gr\u00f6sstes Bestreben:\u00a0<b>Die Zufriedenheit unserer Kunden.<\/b><\/p>\n<\/div>\n\t\t<\/div><div id=\"panel-99-0-0-2\" class=\"so-panel widget widget_text\" data-index=\"2\" ><h3 class=\"widget-title\">Wohnungs-und Umzugsreinigung mit Abnahmegarantie<\/h3>\t\t\t<div class=\"textwidget\"><p class=\"p32766\">Wir reinigen Ihr altes Zuhause, ob Wohnung oder Haus, gr\u00fcndlich und speditiv. Bei der \u00dcbergabe sind wir anwesend und sorgen f\u00fcr einen reibungslosen Ablauf.<\/p>\n<p class=\"p32766\">Falls Sie es w\u00fcnschen, \u00fcbernehmen wir auch die Terminierung und die Kommunikation mit Ihrer Verwaltung. Bei der \u00dcbergabe an die Verwaltung sind wir selbstverst\u00e4ndlich\u00a0ohne Zusatzkosten anwesend.<\/p>\n<\/div>\n\t\t<\/div><div id=\"panel-99-0-0-3\" class=\"so-panel widget widget_text panel-last-child\" data-index=\"3\" ><h3 class=\"widget-title\">Hauswartung<\/h3>\t\t\t<div class=\"textwidget\"><p>Der Hauswart ist verantwortlich f\u00fcr das Wohl von Mietern, Bewohnern und Besuchern. Selbst\u00e4ndig trifft er Entscheidungen und Massnahmen zur Werterhaltung und Versch\u00f6nerung Ihrer Liegenschaft. Angepasst an Ihre individuellen Anforderungen erarbeiten wir mit Ihnen eine optimale T\u00e4tigkeitsbeschreibung. Im Bedarfsfall koordiniert der Hauswart weitere Dienstleistungen wie Bewachung, Reinigung und Transportdienste.<\/p>\n<\/div>\n\t\t<\/div><\/div><\/div><\/div>","protected":false},"excerpt":{"rendered":"<p>T\u00e4glich reinigt\u00a0ASG Geb\u00e4udereiniugng GmbH\u00a0B\u00fcro-, Laden- und\u00a0Gewerbefl\u00e4che. Auf Basis der individuellen Kundenanforderungen erstellt\u00a0ASG dabei ein klar definiertes Leistungsverzeichnis mit einem entsprechenden Reinigungsintervall, das den Arbeitsabl\u00e4ufen des&hellip;<\/p>\n","protected":false},"author":1,"featured_media":0,"parent":0,"menu_order":0,"comment_status":"closed","ping_status":"closed","template":"","meta":{"footnotes":""},"class_list":["post-99","page","type-page","status-publish","hentry"],"_links":{"self":[{"href":"https:\/\/www.asg-reinigung.ch\/index.php?rest_route=\/wp\/v2\/pages\/99","targetHints":{"allow":["GET"]}}],"collection":[{"href":"https:\/\/www.asg-reinigung.ch\/index.php?rest_route=\/wp\/v2\/pages"}],"about":[{"href":"https:\/\/www.asg-reinigung.ch\/index.php?rest_route=\/wp\/v2\/types\/page"}],"author":[{"embeddable":true,"href":"https:\/\/www.asg-reinigung.ch\/index.php?rest_route=\/wp\/v2\/users\/1"}],"replies":[{"embeddable":true,"href":"https:\/\/www.asg-reinigung.ch\/index.php?rest_route=%2Fwp%2Fv2%2Fcomments&post=99"}],"version-history":[{"count":5,"href":"https:\/\/www.asg-reinigung.ch\/index.php?rest_route=\/wp\/v2\/pages\/99\/revisions"}],"predecessor-version":[{"id":105,"href":"https:\/\/www.asg-reinigung.ch\/index.php?rest_route=\/wp\/v2\/pages\/99\/revisions\/105"}],"wp:attachment":[{"href":"https:\/\/www.asg-reinigung.ch\/index.php?rest_route=%2Fwp%2Fv2%2Fmedia&parent=99"}],"curies":[{"name":"wp","href":"https:\/\/api.w.org\/{rel}","templated":true}]}}